{"id":1244,"date":"2024-02-24T16:09:57","date_gmt":"2024-02-24T15:09:57","guid":{"rendered":"https:\/\/www.test.suenhcosmetics.fr\/?post_type=product&#038;p=1244"},"modified":"2025-09-11T10:07:20","modified_gmt":"2025-09-11T08:07:20","slug":"shampoing-infusion-de-plantes-sauvages","status":"publish","type":"product","link":"https:\/\/suenhcosmetics.fr\/index.php\/produit\/shampoing-infusion-de-plantes-sauvages\/","title":{"rendered":"Shampoing Ortie &#038; Epic\u00e9a"},"content":{"rendered":"\t\t<div data-elementor-type=\"wp-post\" data-elementor-id=\"1244\" class=\"elementor elementor-1244\">\n\t\t\t\t<div class=\"elementor-element elementor-element-005d492 e-flex e-con-boxed wpr-particle-no wpr-jarallax-no wpr-parallax-no wpr-sticky-section-no wpr-equal-height-no e-con e-parent\" data-id=\"005d492\" data-element_type=\"container\" data-e-type=\"container\">\n\t\t\t\t\t<div class=\"e-con-inner\">\n\t\t<div class=\"elementor-element elementor-element-1e07802 e-con-full e-flex wpr-particle-no wpr-jarallax-no wpr-parallax-no wpr-sticky-section-no wpr-equal-height-no e-con e-child\" data-id=\"1e07802\" data-element_type=\"container\" data-e-type=\"container\">\n\t\t\t\t<div class=\"elementor-element elementor-element-e99b862 elementor-widget__width-initial elementor-widget-mobile__width-initial elementor-widget elementor-widget-eael-adv-accordion\" data-id=\"e99b862\" data-element_type=\"widget\" data-e-type=\"widget\" data-widget_type=\"eael-adv-accordion.default\">\n\t\t\t\t<div class=\"elementor-widget-container\">\n\t\t\t\t\t            <div class=\"eael-adv-accordion\" id=\"eael-adv-accordion-e99b862\" data-scroll-on-click=\"no\" data-scroll-speed=\"300\" data-accordion-id=\"e99b862\" data-accordion-type=\"accordion\" data-toogle-speed=\"300\">\n            <div class=\"eael-accordion-list\">\n\t\t\t\t\t<div id=\"un-shampoing-ancr-dans-la-nature-sauvage\" class=\"elementor-tab-title eael-accordion-header\" tabindex=\"0\" data-tab=\"1\" aria-controls=\"elementor-tab-content-2441\"><span class=\"eael-advanced-accordion-icon-closed\"><svg aria-hidden=\"true\" class=\"fa-accordion-icon e-font-icon-svg e-fas-plus\" viewBox=\"0 0 448 512\" xmlns=\"http:\/\/www.w3.org\/2000\/svg\"><path d=\"M416 208H272V64c0-17.67-14.33-32-32-32h-32c-17.67 0-32 14.33-32 32v144H32c-17.67 0-32 14.33-32 32v32c0 17.67 14.33 32 32 32h144v144c0 17.67 14.33 32 32 32h32c17.67 0 32-14.33 32-32V304h144c17.67 0 32-14.33 32-32v-32c0-17.67-14.33-32-32-32z\"><\/path><\/svg><\/span><span class=\"eael-advanced-accordion-icon-opened\"><svg aria-hidden=\"true\" class=\"fa-accordion-icon e-font-icon-svg e-fas-minus\" viewBox=\"0 0 448 512\" xmlns=\"http:\/\/www.w3.org\/2000\/svg\"><path d=\"M416 208H32c-17.67 0-32 14.33-32 32v32c0 17.67 14.33 32 32 32h384c17.67 0 32-14.33 32-32v-32c0-17.67-14.33-32-32-32z\"><\/path><\/svg><\/span><span class=\"eael-accordion-tab-title\">Un shampoing ancr\u00e9 dans la nature sauvage<\/span><svg aria-hidden=\"true\" class=\"fa-toggle e-font-icon-svg e-fas-angle-right\" viewBox=\"0 0 256 512\" xmlns=\"http:\/\/www.w3.org\/2000\/svg\"><path d=\"M224.3 273l-136 136c-9.4 9.4-24.6 9.4-33.9 0l-22.6-22.6c-9.4-9.4-9.4-24.6 0-33.9l96.4-96.4-96.4-96.4c-9.4-9.4-9.4-24.6 0-33.9L54.3 103c9.4-9.4 24.6-9.4 33.9 0l136 136c9.5 9.4 9.5 24.6.1 34z\"><\/path><\/svg><\/div><div id=\"elementor-tab-content-2441\" class=\"eael-accordion-content clearfix\" data-tab=\"1\" aria-labelledby=\"un-shampoing-ancr-dans-la-nature-sauvage\"><p>Issu de notre savoir-faire en cueillette et en distillation artisanale, ce shampoing est fabriqu\u00e9 \u00e0 partir de plantes locales infus\u00e9es directement dans les huiles v\u00e9g\u00e9tales qui le composent.<br \/>Rempla\u00e7ant l\u2019eau par un <strong>hydrolat d\u2019\u00e9pic\u00e9a distill\u00e9 sur place<\/strong>, il offre un concentr\u00e9 d\u2019actifs v\u00e9g\u00e9taux puissants pour \u00e9quilibrer et revitaliser le cuir chevelu.<\/p><ul><li>Il fortifie la fibre capillaire<\/li><li>Il r\u00e9gule l\u2019exc\u00e8s de s\u00e9bum tout en douceur<\/li><li>Il soulage les cuirs chevelus sensibles ou irrit\u00e9s<\/li><li>Il permet d\u2019espacer les lavages<\/li><\/ul><\/div>\n\t\t\t\t\t<\/div><div class=\"eael-accordion-list\">\n\t\t\t\t\t<div id=\"pourquoi-ce-shampoing-est-unique-\" class=\"elementor-tab-title eael-accordion-header\" tabindex=\"0\" data-tab=\"2\" aria-controls=\"elementor-tab-content-2442\"><span class=\"eael-advanced-accordion-icon-closed\"><svg aria-hidden=\"true\" class=\"fa-accordion-icon e-font-icon-svg e-fas-plus\" viewBox=\"0 0 448 512\" xmlns=\"http:\/\/www.w3.org\/2000\/svg\"><path d=\"M416 208H272V64c0-17.67-14.33-32-32-32h-32c-17.67 0-32 14.33-32 32v144H32c-17.67 0-32 14.33-32 32v32c0 17.67 14.33 32 32 32h144v144c0 17.67 14.33 32 32 32h32c17.67 0 32-14.33 32-32V304h144c17.67 0 32-14.33 32-32v-32c0-17.67-14.33-32-32-32z\"><\/path><\/svg><\/span><span class=\"eael-advanced-accordion-icon-opened\"><svg aria-hidden=\"true\" class=\"fa-accordion-icon e-font-icon-svg e-fas-minus\" viewBox=\"0 0 448 512\" xmlns=\"http:\/\/www.w3.org\/2000\/svg\"><path d=\"M416 208H32c-17.67 0-32 14.33-32 32v32c0 17.67 14.33 32 32 32h384c17.67 0 32-14.33 32-32v-32c0-17.67-14.33-32-32-32z\"><\/path><\/svg><\/span><span class=\"eael-accordion-tab-title\">Pourquoi ce shampoing est unique ?<\/span><svg aria-hidden=\"true\" class=\"fa-toggle e-font-icon-svg e-fas-angle-right\" viewBox=\"0 0 256 512\" xmlns=\"http:\/\/www.w3.org\/2000\/svg\"><path d=\"M224.3 273l-136 136c-9.4 9.4-24.6 9.4-33.9 0l-22.6-22.6c-9.4-9.4-9.4-24.6 0-33.9l96.4-96.4-96.4-96.4c-9.4-9.4-9.4-24.6 0-33.9L54.3 103c9.4-9.4 24.6-9.4 33.9 0l136 136c9.5 9.4 9.5 24.6.1 34z\"><\/path><\/svg><\/div><div id=\"elementor-tab-content-2442\" class=\"eael-accordion-content clearfix\" data-tab=\"2\" aria-labelledby=\"pourquoi-ce-shampoing-est-unique-\"><ul><li>Infusion de plantes cueillies \u00e0 la main dans la Montagne Noire<\/li><li>Hydrolat d\u2019\u00e9pic\u00e9a \u00e0 la place de l\u2019eau pour une efficacit\u00e9 renforc\u00e9e<\/li><li>Sans conservateur, ni allerg\u00e8ne, ni tensioactif agressif<\/li><li>Fabrication artisanale en petites s\u00e9ries, selon les saisons<\/li><li>Forme ronde plus pratique et facile \u00e0 l\u2019application<\/li><\/ul><\/div>\n\t\t\t\t\t<\/div><div class=\"eael-accordion-list\">\n\t\t\t\t\t<div id=\"conseils-dutilisation\" class=\"elementor-tab-title eael-accordion-header\" tabindex=\"0\" data-tab=\"3\" aria-controls=\"elementor-tab-content-2443\"><span class=\"eael-advanced-accordion-icon-closed\"><svg aria-hidden=\"true\" class=\"fa-accordion-icon e-font-icon-svg e-fas-plus\" viewBox=\"0 0 448 512\" xmlns=\"http:\/\/www.w3.org\/2000\/svg\"><path d=\"M416 208H272V64c0-17.67-14.33-32-32-32h-32c-17.67 0-32 14.33-32 32v144H32c-17.67 0-32 14.33-32 32v32c0 17.67 14.33 32 32 32h144v144c0 17.67 14.33 32 32 32h32c17.67 0 32-14.33 32-32V304h144c17.67 0 32-14.33 32-32v-32c0-17.67-14.33-32-32-32z\"><\/path><\/svg><\/span><span class=\"eael-advanced-accordion-icon-opened\"><svg aria-hidden=\"true\" class=\"fa-accordion-icon e-font-icon-svg e-fas-minus\" viewBox=\"0 0 448 512\" xmlns=\"http:\/\/www.w3.org\/2000\/svg\"><path d=\"M416 208H32c-17.67 0-32 14.33-32 32v32c0 17.67 14.33 32 32 32h384c17.67 0 32-14.33 32-32v-32c0-17.67-14.33-32-32-32z\"><\/path><\/svg><\/span><span class=\"eael-accordion-tab-title\">Conseils d\u2019utilisation<\/span><svg aria-hidden=\"true\" class=\"fa-toggle e-font-icon-svg e-fas-angle-right\" viewBox=\"0 0 256 512\" xmlns=\"http:\/\/www.w3.org\/2000\/svg\"><path d=\"M224.3 273l-136 136c-9.4 9.4-24.6 9.4-33.9 0l-22.6-22.6c-9.4-9.4-9.4-24.6 0-33.9l96.4-96.4-96.4-96.4c-9.4-9.4-9.4-24.6 0-33.9L54.3 103c9.4-9.4 24.6-9.4 33.9 0l136 136c9.5 9.4 9.5 24.6.1 34z\"><\/path><\/svg><\/div><div id=\"elementor-tab-content-2443\" class=\"eael-accordion-content clearfix\" data-tab=\"3\" aria-labelledby=\"conseils-dutilisation\"><ul><li>Frottez le shampoing solide entre vos mains mouill\u00e9es ou directement sur le cuir chevelu humide.<\/li><li>Massez pour faire mousser, puis rincez abondamment.<\/li><li>Renouvelez l\u2019op\u00e9ration si n\u00e9cessaire pour un nettoyage en profondeur.<\/li><li>Laissez s\u00e9cher le shampoing \u00e0 l\u2019air libre entre deux utilisations pour le conserver plus longtemps.<\/li><\/ul><p>\u26a0\ufe0f Une <strong>p\u00e9riode d\u2019adaptation<\/strong> peut \u00eatre n\u00e9cessaire lors du passage \u00e0 un shampoing saponifi\u00e9 \u00e0 froid. Elle varie selon les personnes (quelques semaines \u00e0 quelques mois).<\/p><p>\u00a0<\/p><\/div>\n\t\t\t\t\t<\/div><\/div>\t\t\t\t<\/div>\n\t\t\t\t<\/div>\n\t\t\t\t<\/div>\n\t\t<div class=\"elementor-element elementor-element-3230fe2 e-con-full e-flex wpr-particle-no wpr-jarallax-no wpr-parallax-no wpr-sticky-section-no wpr-equal-height-no e-con e-child\" data-id=\"3230fe2\" data-element_type=\"container\" data-e-type=\"container\">\n\t\t\t\t<div class=\"elementor-element elementor-element-35d6762 elementor-widget__width-initial elementor-widget elementor-widget-image\" data-id=\"35d6762\" data-element_type=\"widget\" data-e-type=\"widget\" data-widget_type=\"image.default\">\n\t\t\t\t<div class=\"elementor-widget-container\">\n\t\t\t\t\t\t\t\t\t\t\t\t\t\t\t<img fetchpriority=\"high\" decoding=\"async\" width=\"1024\" height=\"1024\" src=\"https:\/\/suenhcosmetics.fr\/wp-content\/uploads\/2025\/04\/IMG_1810-1024x1024.jpg\" class=\"attachment-large size-large wp-image-1705\" alt=\"\" srcset=\"https:\/\/suenhcosmetics.fr\/wp-content\/uploads\/2025\/04\/IMG_1810-1024x1024.jpg 1024w, https:\/\/suenhcosmetics.fr\/wp-content\/uploads\/2025\/04\/IMG_1810-300x300.jpg 300w, https:\/\/suenhcosmetics.fr\/wp-content\/uploads\/2025\/04\/IMG_1810-150x150.jpg 150w, https:\/\/suenhcosmetics.fr\/wp-content\/uploads\/2025\/04\/IMG_1810-768x768.jpg 768w, https:\/\/suenhcosmetics.fr\/wp-content\/uploads\/2025\/04\/IMG_1810-1320x1320.jpg 1320w, https:\/\/suenhcosmetics.fr\/wp-content\/uploads\/2025\/04\/IMG_1810-600x600.jpg 600w, https:\/\/suenhcosmetics.fr\/wp-content\/uploads\/2025\/04\/IMG_1810-100x100.jpg 100w, https:\/\/suenhcosmetics.fr\/wp-content\/uploads\/2025\/04\/IMG_1810.jpg 800w\" sizes=\"(max-width: 1024px) 100vw, 1024px\" \/>\t\t\t\t\t\t\t\t\t\t\t\t\t\t\t<\/div>\n\t\t\t\t<\/div>\n\t\t\t\t<\/div>\n\t\t\t\t\t<\/div>\n\t\t\t\t<\/div>\n\t\t\t\t<\/div>\n\t\t","protected":false},"excerpt":{"rendered":"<div class=\"suenh-product-box\">\n<div class=\"suenh-tags\"><span class=\"suenh-tag\">Tous types de cuirs chevelus<\/span><br \/>\n<span class=\"suenh-tag\">100% plantes locales<\/span><br \/>\n<span class=\"suenh-tag\">Saponification \u00e0 froid<\/span><\/div>\n<p class=\"suenh-ml\">100 g | 1 \u00e0 2 mois d\u2019utilisation<\/p>\n<h3 class=\"suenh-title\">TONIFIE \u2013 \u00c9QUILIBRE \u2013 FORTIFIE<\/h3>\n<p>Ce shampoing solide aux <strong>plantes sauvages d\u2019ortie et d\u2019\u00e9pic\u00e9a<\/strong> nettoie en douceur et revitalise le cuir chevelu. Sa base v\u00e9g\u00e9tale riche nourrit et \u00e9quilibre la chevelure naturellement.<\/p>\n<ul class=\"suenh-list\">\n<li><strong>Fortifie<\/strong> la fibre capillaire<\/li>\n<li><strong>R\u00e9gule<\/strong> le s\u00e9bum tout en douceur<\/li>\n<li><strong>Soulage<\/strong> les cuirs chevelus sensibles<\/li>\n<li><strong>Permet d\u2019espacer<\/strong> les lavages<\/li>\n<\/ul>\n<p>Forme ronde pratique, parfum v\u00e9g\u00e9tal naturel, sans allerg\u00e8nes.<\/p>\n<p class=\"suenh-footnote\"><strong>Formul\u00e9 avec des plantes cueillies \u00e0 la main, hydrolat d\u2019\u00e9pic\u00e9a et huiles v\u00e9g\u00e9tales bio, dans notre atelier d\u2019Occitanie.<\/strong><\/p>\n<\/div>\n","protected":false},"featured_media":4597,"comment_status":"open","ping_status":"closed","template":"","meta":{"site-sidebar-layout":"default","site-content-layout":"","ast-site-content-layout":"default","site-content-style":"default","site-sidebar-style":"default","ast-global-header-display":"","ast-banner-title-visibility":"","ast-main-header-display":"","ast-hfb-above-header-display":"","ast-hfb-below-header-display":"","ast-hfb-mobile-header-display":"","site-post-title":"","ast-breadcrumbs-content":"","ast-featured-img":"","footer-sml-layout":"","ast-disable-related-posts":"","theme-transparent-header-meta":"default","adv-header-id-meta":"","stick-header-meta":"","header-above-stick-meta":"","header-main-stick-meta":"","header-below-stick-meta":"","astra-migrate-meta-layouts":"set","ast-page-background-enabled":"default","ast-page-background-meta":{"desktop":{"background-color":"var(--ast-global-color-5)","background-image":"","background-repeat":"repeat","background-position":"center center","background-size":"auto","background-attachment":"scroll","background-type":"","background-media":"","overlay-type":"","overlay-color":"","overlay-opacity":"","overlay-gradient":""},"tablet":{"background-color":"","background-image":"","background-repeat":"repeat","background-position":"center center","background-size":"auto","background-attachment":"scroll","background-type":"","background-media":"","overlay-type":"","overlay-color":"","overlay-opacity":"","overlay-gradient":""},"mobile":{"background-color":"","background-image":"","background-repeat":"repeat","background-position":"center center","background-size":"auto","background-attachment":"scroll","background-type":"","background-media":"","overlay-type":"","overlay-color":"","overlay-opacity":"","overlay-gradient":""}},"ast-content-background-meta":{"desktop":{"background-color":"var(--ast-global-color-4)","background-image":"","background-repeat":"repeat","background-position":"center center","background-size":"auto","background-attachment":"scroll","background-type":"","background-media":"","overlay-type":"","overlay-color":"","overlay-opacity":"","overlay-gradient":""},"tablet":{"background-color":"var(--ast-global-color-4)","background-image":"","background-repeat":"repeat","background-position":"center center","background-size":"auto","background-attachment":"scroll","background-type":"","background-media":"","overlay-type":"","overlay-color":"","overlay-opacity":"","overlay-gradient":""},"mobile":{"background-color":"var(--ast-global-color-4)","background-image":"","background-repeat":"repeat","background-position":"center center","background-size":"auto","background-attachment":"scroll","background-type":"","background-media":"","overlay-type":"","overlay-color":"","overlay-opacity":"","overlay-gradient":""}}},"product_brand":[],"product_cat":[52,23],"product_tag":[],"class_list":{"0":"post-1244","1":"product","2":"type-product","3":"status-publish","4":"has-post-thumbnail","6":"product_cat-nettoyants-corps-cheveux","7":"product_cat-soins-capilaires","8":"desktop-align-left","9":"tablet-align-left","10":"mobile-align-left","12":"first","13":"instock","14":"purchasable","15":"product-type-simple"},"yoast_head":"<!-- This site is optimized with the Yoast SEO plugin v27.5 - https:\/\/yoast.com\/product\/yoast-seo-wordpress\/ -->\n<title>Shampoing Solide \u2013 Ortie &amp; \u00c9pic\u00e9a | Suenh Cosmetics<\/title>\n<meta name=\"description\" content=\"Shampoing solide 100% plantes locales : ortie &amp; \u00e9pic\u00e9a. Nettoie, fortifie, \u00e9quilibre le cuir chevelu. Vegan, artisanal, saponifi\u00e9 \u00e0 froid.\" \/>\n<meta name=\"robots\" content=\"index, follow, max-snippet:-1, max-image-preview:large, max-video-preview:-1\" \/>\n<link rel=\"canonical\" href=\"https:\/\/suenhcosmetics.fr\/index.php\/produit\/shampoing-infusion-de-plantes-sauvages\/\" \/>\n<meta property=\"og:locale\" content=\"fr_FR\" \/>\n<meta property=\"og:type\" content=\"article\" \/>\n<meta property=\"og:title\" content=\"Shampoing Solide \u2013 Ortie &amp; \u00c9pic\u00e9a | Suenh Cosmetics\" \/>\n<meta property=\"og:description\" content=\"Shampoing solide 100% plantes locales : ortie &amp; \u00e9pic\u00e9a. Nettoie, fortifie, \u00e9quilibre le cuir chevelu. Vegan, artisanal, saponifi\u00e9 \u00e0 froid.\" \/>\n<meta property=\"og:url\" content=\"https:\/\/suenhcosmetics.fr\/index.php\/produit\/shampoing-infusion-de-plantes-sauvages\/\" \/>\n<meta property=\"article:modified_time\" content=\"2025-09-11T08:07:20+00:00\" \/>\n<meta property=\"og:image\" content=\"https:\/\/suenhcosmetics.fr\/wp-content\/uploads\/2024\/02\/IMG_8051-1.jpg\" \/>\n\t<meta property=\"og:image:width\" content=\"800\" \/>\n\t<meta property=\"og:image:height\" content=\"800\" \/>\n\t<meta property=\"og:image:type\" content=\"image\/jpeg\" \/>\n<meta name=\"twitter:card\" content=\"summary_large_image\" \/>\n<meta name=\"twitter:label1\" content=\"Dur\u00e9e de lecture estim\u00e9e\" \/>\n\t<meta name=\"twitter:data1\" content=\"2 minutes\" \/>\n<script type=\"application\/ld+json\" class=\"yoast-schema-graph\">{\"@context\":\"https:\\\/\\\/schema.org\",\"@graph\":[{\"@type\":\"WebPage\",\"@id\":\"https:\\\/\\\/suenhcosmetics.fr\\\/index.php\\\/produit\\\/shampoing-infusion-de-plantes-sauvages\\\/\",\"url\":\"https:\\\/\\\/suenhcosmetics.fr\\\/index.php\\\/produit\\\/shampoing-infusion-de-plantes-sauvages\\\/\",\"name\":\"Shampoing Solide \u2013 Ortie & \u00c9pic\u00e9a | Suenh Cosmetics\",\"isPartOf\":{\"@id\":\"https:\\\/\\\/suenhcosmetics.fr\\\/#website\"},\"primaryImageOfPage\":{\"@id\":\"https:\\\/\\\/suenhcosmetics.fr\\\/index.php\\\/produit\\\/shampoing-infusion-de-plantes-sauvages\\\/#primaryimage\"},\"image\":{\"@id\":\"https:\\\/\\\/suenhcosmetics.fr\\\/index.php\\\/produit\\\/shampoing-infusion-de-plantes-sauvages\\\/#primaryimage\"},\"thumbnailUrl\":\"https:\\\/\\\/suenhcosmetics.fr\\\/wp-content\\\/uploads\\\/2024\\\/02\\\/IMG_8051-1.jpg\",\"datePublished\":\"2024-02-24T15:09:57+00:00\",\"dateModified\":\"2025-09-11T08:07:20+00:00\",\"description\":\"Shampoing solide 100% plantes locales : ortie & \u00e9pic\u00e9a. Nettoie, fortifie, \u00e9quilibre le cuir chevelu. Vegan, artisanal, saponifi\u00e9 \u00e0 froid.\",\"breadcrumb\":{\"@id\":\"https:\\\/\\\/suenhcosmetics.fr\\\/index.php\\\/produit\\\/shampoing-infusion-de-plantes-sauvages\\\/#breadcrumb\"},\"inLanguage\":\"fr-FR\",\"potentialAction\":[{\"@type\":\"ReadAction\",\"target\":[\"https:\\\/\\\/suenhcosmetics.fr\\\/index.php\\\/produit\\\/shampoing-infusion-de-plantes-sauvages\\\/\"]}]},{\"@type\":\"ImageObject\",\"inLanguage\":\"fr-FR\",\"@id\":\"https:\\\/\\\/suenhcosmetics.fr\\\/index.php\\\/produit\\\/shampoing-infusion-de-plantes-sauvages\\\/#primaryimage\",\"url\":\"https:\\\/\\\/suenhcosmetics.fr\\\/wp-content\\\/uploads\\\/2024\\\/02\\\/IMG_8051-1.jpg\",\"contentUrl\":\"https:\\\/\\\/suenhcosmetics.fr\\\/wp-content\\\/uploads\\\/2024\\\/02\\\/IMG_8051-1.jpg\",\"width\":800,\"height\":800},{\"@type\":\"BreadcrumbList\",\"@id\":\"https:\\\/\\\/suenhcosmetics.fr\\\/index.php\\\/produit\\\/shampoing-infusion-de-plantes-sauvages\\\/#breadcrumb\",\"itemListElement\":[{\"@type\":\"ListItem\",\"position\":1,\"name\":\"Accueil\",\"item\":\"https:\\\/\\\/suenhcosmetics.fr\\\/\"},{\"@type\":\"ListItem\",\"position\":2,\"name\":\"Produits\",\"item\":\"https:\\\/\\\/suenhcosmetics.fr\\\/index.php\\\/shop\\\/\"},{\"@type\":\"ListItem\",\"position\":3,\"name\":\"Shampoing Ortie &#038; Epic\u00e9a\"}]},{\"@type\":\"WebSite\",\"@id\":\"https:\\\/\\\/suenhcosmetics.fr\\\/#website\",\"url\":\"https:\\\/\\\/suenhcosmetics.fr\\\/\",\"name\":\"\",\"description\":\"\",\"publisher\":{\"@id\":\"https:\\\/\\\/suenhcosmetics.fr\\\/#organization\"},\"potentialAction\":[{\"@type\":\"SearchAction\",\"target\":{\"@type\":\"EntryPoint\",\"urlTemplate\":\"https:\\\/\\\/suenhcosmetics.fr\\\/?s={search_term_string}\"},\"query-input\":{\"@type\":\"PropertyValueSpecification\",\"valueRequired\":true,\"valueName\":\"search_term_string\"}}],\"inLanguage\":\"fr-FR\"},{\"@type\":\"Organization\",\"@id\":\"https:\\\/\\\/suenhcosmetics.fr\\\/#organization\",\"name\":\"SUENH Cosmetics\",\"url\":\"https:\\\/\\\/suenhcosmetics.fr\\\/\",\"logo\":{\"@type\":\"ImageObject\",\"inLanguage\":\"fr-FR\",\"@id\":\"https:\\\/\\\/suenhcosmetics.fr\\\/#\\\/schema\\\/logo\\\/image\\\/\",\"url\":\"https:\\\/\\\/suenhcosmetics.fr\\\/wp-content\\\/uploads\\\/2025\\\/06\\\/cropped-Wispiration-4.png\",\"contentUrl\":\"https:\\\/\\\/suenhcosmetics.fr\\\/wp-content\\\/uploads\\\/2025\\\/06\\\/cropped-Wispiration-4.png\",\"width\":180,\"height\":60,\"caption\":\"SUENH Cosmetics\"},\"image\":{\"@id\":\"https:\\\/\\\/suenhcosmetics.fr\\\/#\\\/schema\\\/logo\\\/image\\\/\"}}]}<\/script>\n<!-- \/ Yoast SEO plugin. -->","yoast_head_json":{"title":"Shampoing Solide \u2013 Ortie & \u00c9pic\u00e9a | Suenh Cosmetics","description":"Shampoing solide 100% plantes locales : ortie & \u00e9pic\u00e9a. Nettoie, fortifie, \u00e9quilibre le cuir chevelu. Vegan, artisanal, saponifi\u00e9 \u00e0 froid.","robots":{"index":"index","follow":"follow","max-snippet":"max-snippet:-1","max-image-preview":"max-image-preview:large","max-video-preview":"max-video-preview:-1"},"canonical":"https:\/\/suenhcosmetics.fr\/index.php\/produit\/shampoing-infusion-de-plantes-sauvages\/","og_locale":"fr_FR","og_type":"article","og_title":"Shampoing Solide \u2013 Ortie & \u00c9pic\u00e9a | Suenh Cosmetics","og_description":"Shampoing solide 100% plantes locales : ortie & \u00e9pic\u00e9a. Nettoie, fortifie, \u00e9quilibre le cuir chevelu. Vegan, artisanal, saponifi\u00e9 \u00e0 froid.","og_url":"https:\/\/suenhcosmetics.fr\/index.php\/produit\/shampoing-infusion-de-plantes-sauvages\/","article_modified_time":"2025-09-11T08:07:20+00:00","og_image":[{"width":800,"height":800,"url":"https:\/\/suenhcosmetics.fr\/wp-content\/uploads\/2024\/02\/IMG_8051-1.jpg","type":"image\/jpeg"}],"twitter_card":"summary_large_image","twitter_misc":{"Dur\u00e9e de lecture estim\u00e9e":"2 minutes"},"schema":{"@context":"https:\/\/schema.org","@graph":[{"@type":"WebPage","@id":"https:\/\/suenhcosmetics.fr\/index.php\/produit\/shampoing-infusion-de-plantes-sauvages\/","url":"https:\/\/suenhcosmetics.fr\/index.php\/produit\/shampoing-infusion-de-plantes-sauvages\/","name":"Shampoing Solide \u2013 Ortie & \u00c9pic\u00e9a | Suenh Cosmetics","isPartOf":{"@id":"https:\/\/suenhcosmetics.fr\/#website"},"primaryImageOfPage":{"@id":"https:\/\/suenhcosmetics.fr\/index.php\/produit\/shampoing-infusion-de-plantes-sauvages\/#primaryimage"},"image":{"@id":"https:\/\/suenhcosmetics.fr\/index.php\/produit\/shampoing-infusion-de-plantes-sauvages\/#primaryimage"},"thumbnailUrl":"https:\/\/suenhcosmetics.fr\/wp-content\/uploads\/2024\/02\/IMG_8051-1.jpg","datePublished":"2024-02-24T15:09:57+00:00","dateModified":"2025-09-11T08:07:20+00:00","description":"Shampoing solide 100% plantes locales : ortie & \u00e9pic\u00e9a. Nettoie, fortifie, \u00e9quilibre le cuir chevelu. Vegan, artisanal, saponifi\u00e9 \u00e0 froid.","breadcrumb":{"@id":"https:\/\/suenhcosmetics.fr\/index.php\/produit\/shampoing-infusion-de-plantes-sauvages\/#breadcrumb"},"inLanguage":"fr-FR","potentialAction":[{"@type":"ReadAction","target":["https:\/\/suenhcosmetics.fr\/index.php\/produit\/shampoing-infusion-de-plantes-sauvages\/"]}]},{"@type":"ImageObject","inLanguage":"fr-FR","@id":"https:\/\/suenhcosmetics.fr\/index.php\/produit\/shampoing-infusion-de-plantes-sauvages\/#primaryimage","url":"https:\/\/suenhcosmetics.fr\/wp-content\/uploads\/2024\/02\/IMG_8051-1.jpg","contentUrl":"https:\/\/suenhcosmetics.fr\/wp-content\/uploads\/2024\/02\/IMG_8051-1.jpg","width":800,"height":800},{"@type":"BreadcrumbList","@id":"https:\/\/suenhcosmetics.fr\/index.php\/produit\/shampoing-infusion-de-plantes-sauvages\/#breadcrumb","itemListElement":[{"@type":"ListItem","position":1,"name":"Accueil","item":"https:\/\/suenhcosmetics.fr\/"},{"@type":"ListItem","position":2,"name":"Produits","item":"https:\/\/suenhcosmetics.fr\/index.php\/shop\/"},{"@type":"ListItem","position":3,"name":"Shampoing Ortie &#038; Epic\u00e9a"}]},{"@type":"WebSite","@id":"https:\/\/suenhcosmetics.fr\/#website","url":"https:\/\/suenhcosmetics.fr\/","name":"","description":"","publisher":{"@id":"https:\/\/suenhcosmetics.fr\/#organization"},"potentialAction":[{"@type":"SearchAction","target":{"@type":"EntryPoint","urlTemplate":"https:\/\/suenhcosmetics.fr\/?s={search_term_string}"},"query-input":{"@type":"PropertyValueSpecification","valueRequired":true,"valueName":"search_term_string"}}],"inLanguage":"fr-FR"},{"@type":"Organization","@id":"https:\/\/suenhcosmetics.fr\/#organization","name":"SUENH Cosmetics","url":"https:\/\/suenhcosmetics.fr\/","logo":{"@type":"ImageObject","inLanguage":"fr-FR","@id":"https:\/\/suenhcosmetics.fr\/#\/schema\/logo\/image\/","url":"https:\/\/suenhcosmetics.fr\/wp-content\/uploads\/2025\/06\/cropped-Wispiration-4.png","contentUrl":"https:\/\/suenhcosmetics.fr\/wp-content\/uploads\/2025\/06\/cropped-Wispiration-4.png","width":180,"height":60,"caption":"SUENH Cosmetics"},"image":{"@id":"https:\/\/suenhcosmetics.fr\/#\/schema\/logo\/image\/"}}]}},"_links":{"self":[{"href":"https:\/\/suenhcosmetics.fr\/index.php\/wp-json\/wp\/v2\/product\/1244","targetHints":{"allow":["GET"]}}],"collection":[{"href":"https:\/\/suenhcosmetics.fr\/index.php\/wp-json\/wp\/v2\/product"}],"about":[{"href":"https:\/\/suenhcosmetics.fr\/index.php\/wp-json\/wp\/v2\/types\/product"}],"replies":[{"embeddable":true,"href":"https:\/\/suenhcosmetics.fr\/index.php\/wp-json\/wp\/v2\/comments?post=1244"}],"version-history":[{"count":2,"href":"https:\/\/suenhcosmetics.fr\/index.php\/wp-json\/wp\/v2\/product\/1244\/revisions"}],"predecessor-version":[{"id":4887,"href":"https:\/\/suenhcosmetics.fr\/index.php\/wp-json\/wp\/v2\/product\/1244\/revisions\/4887"}],"wp:featuredmedia":[{"embeddable":true,"href":"https:\/\/suenhcosmetics.fr\/index.php\/wp-json\/wp\/v2\/media\/4597"}],"wp:attachment":[{"href":"https:\/\/suenhcosmetics.fr\/index.php\/wp-json\/wp\/v2\/media?parent=1244"}],"wp:term":[{"taxonomy":"product_brand","embeddable":true,"href":"https:\/\/suenhcosmetics.fr\/index.php\/wp-json\/wp\/v2\/product_brand?post=1244"},{"taxonomy":"product_cat","embeddable":true,"href":"https:\/\/suenhcosmetics.fr\/index.php\/wp-json\/wp\/v2\/product_cat?post=1244"},{"taxonomy":"product_tag","embeddable":true,"href":"https:\/\/suenhcosmetics.fr\/index.php\/wp-json\/wp\/v2\/product_tag?post=1244"}],"curies":[{"name":"wp","href":"https:\/\/api.w.org\/{rel}","templated":true}]}}