{"id":3180,"date":"2025-04-30T14:57:33","date_gmt":"2025-04-30T12:57:33","guid":{"rendered":"https:\/\/www.test.suenhcosmetics.fr\/?post_type=product&#038;p=3180"},"modified":"2026-04-21T19:37:08","modified_gmt":"2026-04-21T17:37:08","slug":"rituel-delice","status":"publish","type":"product","link":"https:\/\/suenhcosmetics.fr\/index.php\/produit\/rituel-delice\/","title":{"rendered":"Rituel D\u00e9lice"},"content":{"rendered":"","protected":false},"excerpt":{"rendered":"<div class=\"fiche-produit\">\n<h3>Savon Visage Sureau &amp; Lotion Botanique Pomme Sauvage<\/h3>\n<h3>+ 1 lingette lavable offerte<\/h3>\n<p class=\"type-peau\">Peau mature \u2013 Inconfort \u2013 Peau s\u00e8che \u2013 Teint terne<\/p>\n<p class=\"description\">Peau en qu\u00eate de douceur, de confort et de plaisir sensoriel.<br \/>\nUn moment tendre et gourmand, o\u00f9 la douceur fruit\u00e9e de la pomme sauvage enveloppe la peau comme une caresse.<\/p>\n<p>Ce Duo est compos\u00e9 de notre <a href=\"https:\/\/www.suenhcosmetics.fr\/index.php\/produit\/savon-visage-extraits-botaniques-de-sureau\/\">Savon Visage aux Extraits Botaniques de Sureau<\/a> et de notre <a href=\"https:\/\/www.suenhcosmetics.fr\/index.php\/produit\/lotion-botanique-pomme-sauvage-50-ml\/\">Lotion Botanique \u00e0 la Pomme Sauvage<\/a>.<\/p>\n<p>Le Savon Visage au Sureau nettoie efficacement sans agresser, gr\u00e2ce \u00e0 sa base douce enrichie en plantes adoucissantes.<br \/>\nLa Lotion Botanique \u00e0 la Pomme Sauvage, naturellement acide, r\u00e9\u00e9quilibre le pH de la peau apr\u00e8s le nettoyage, apaise et pr\u00e9pare id\u00e9alement la peau \u00e0 recevoir un soin.<\/p>\n<p><strong>Pourquoi les deux devraient \u00eatre ins\u00e9parables ?<\/strong><br \/>\nApr\u00e8s le nettoyage, la peau voit son pH l\u00e9g\u00e8rement perturb\u00e9, m\u00eame avec un savon doux.<br \/>\nLa lotion vient restaurer cet \u00e9quilibre acide essentiel \u00e0 la bonne sant\u00e9 de la peau, limitant ainsi l\u2019apparition de tiraillement, de s\u00e9cheresse ou de rougeurs.<\/p>\n<p class=\"note\">Ensemble, ils forment un rituel complet, \u00e9quilibr\u00e9, et respectueux de votre peau.<\/p>\n<\/div>\n","protected":false},"featured_media":3846,"comment_status":"open","ping_status":"closed","template":"","meta":{"site-sidebar-layout":"default","site-content-layout":"","ast-site-content-layout":"default","site-content-style":"default","site-sidebar-style":"default","ast-global-header-display":"","ast-banner-title-visibility":"","ast-main-header-display":"","ast-hfb-above-header-display":"","ast-hfb-below-header-display":"","ast-hfb-mobile-header-display":"","site-post-title":"","ast-breadcrumbs-content":"","ast-featured-img":"","footer-sml-layout":"","ast-disable-related-posts":"","theme-transparent-header-meta":"default","adv-header-id-meta":"","stick-header-meta":"","header-above-stick-meta":"","header-main-stick-meta":"","header-below-stick-meta":"","astra-migrate-meta-layouts":"set","ast-page-background-enabled":"default","ast-page-background-meta":{"desktop":{"background-color":"var(--ast-global-color-5)","background-image":"","background-repeat":"repeat","background-position":"center center","background-size":"auto","background-attachment":"scroll","background-type":"","background-media":"","overlay-type":"","overlay-color":"","overlay-opacity":"","overlay-gradient":""},"tablet":{"background-color":"","background-image":"","background-repeat":"repeat","background-position":"center center","background-size":"auto","background-attachment":"scroll","background-type":"","background-media":"","overlay-type":"","overlay-color":"","overlay-opacity":"","overlay-gradient":""},"mobile":{"background-color":"","background-image":"","background-repeat":"repeat","background-position":"center center","background-size":"auto","background-attachment":"scroll","background-type":"","background-media":"","overlay-type":"","overlay-color":"","overlay-opacity":"","overlay-gradient":""}},"ast-content-background-meta":{"desktop":{"background-color":"var(--ast-global-color-4)","background-image":"","background-repeat":"repeat","background-position":"center center","background-size":"auto","background-attachment":"scroll","background-type":"","background-media":"","overlay-type":"","overlay-color":"","overlay-opacity":"","overlay-gradient":""},"tablet":{"background-color":"var(--ast-global-color-4)","background-image":"","background-repeat":"repeat","background-position":"center center","background-size":"auto","background-attachment":"scroll","background-type":"","background-media":"","overlay-type":"","overlay-color":"","overlay-opacity":"","overlay-gradient":""},"mobile":{"background-color":"var(--ast-global-color-4)","background-image":"","background-repeat":"repeat","background-position":"center center","background-size":"auto","background-attachment":"scroll","background-type":"","background-media":"","overlay-type":"","overlay-color":"","overlay-opacity":"","overlay-gradient":""}}},"product_brand":[],"product_cat":[22],"product_tag":[],"class_list":{"0":"post-3180","1":"product","2":"type-product","3":"status-publish","4":"has-post-thumbnail","6":"product_cat-packs-routines","7":"desktop-align-left","8":"tablet-align-left","9":"mobile-align-left","11":"first","12":"outofstock","13":"shipping-taxable","14":"purchasable","15":"product-type-simple"},"yoast_head":"<!-- This site is optimized with the Yoast SEO plugin v27.5 - https:\/\/yoast.com\/product\/yoast-seo-wordpress\/ -->\n<title>Rituel D\u00e9lice \u2013 peaux matures | Suenh Cosmetics<\/title>\n<meta name=\"description\" content=\"Routine \u00e9clat &amp; confort : savon au sureau + lotion \u00e0 la pomme sauvage. Cette routine est parfaite pour les peaux matures et ternes.\" \/>\n<meta name=\"robots\" content=\"index, follow, max-snippet:-1, max-image-preview:large, max-video-preview:-1\" \/>\n<link rel=\"canonical\" href=\"https:\/\/suenhcosmetics.fr\/index.php\/produit\/rituel-delice\/\" \/>\n<meta property=\"og:locale\" content=\"fr_FR\" \/>\n<meta property=\"og:type\" content=\"article\" \/>\n<meta property=\"og:title\" content=\"Rituel D\u00e9lice \u2013 peaux matures | Suenh Cosmetics\" \/>\n<meta property=\"og:description\" content=\"Routine \u00e9clat &amp; confort : savon au sureau + lotion \u00e0 la pomme sauvage. Cette routine est parfaite pour les peaux matures et ternes.\" \/>\n<meta property=\"og:url\" content=\"https:\/\/suenhcosmetics.fr\/index.php\/produit\/rituel-delice\/\" \/>\n<meta property=\"article:modified_time\" content=\"2026-04-21T17:37:08+00:00\" \/>\n<meta property=\"og:image\" content=\"https:\/\/suenhcosmetics.fr\/wp-content\/uploads\/2025\/04\/39.png\" \/>\n\t<meta property=\"og:image:width\" content=\"800\" \/>\n\t<meta property=\"og:image:height\" content=\"800\" \/>\n\t<meta property=\"og:image:type\" content=\"image\/png\" \/>\n<meta name=\"twitter:card\" content=\"summary_large_image\" \/>\n<meta name=\"twitter:label1\" content=\"Dur\u00e9e de lecture estim\u00e9e\" \/>\n\t<meta name=\"twitter:data1\" content=\"1 minute\" \/>\n<script type=\"application\/ld+json\" class=\"yoast-schema-graph\">{\"@context\":\"https:\\\/\\\/schema.org\",\"@graph\":[{\"@type\":\"WebPage\",\"@id\":\"https:\\\/\\\/suenhcosmetics.fr\\\/index.php\\\/produit\\\/rituel-delice\\\/\",\"url\":\"https:\\\/\\\/suenhcosmetics.fr\\\/index.php\\\/produit\\\/rituel-delice\\\/\",\"name\":\"Rituel D\u00e9lice \u2013 peaux matures | Suenh Cosmetics\",\"isPartOf\":{\"@id\":\"https:\\\/\\\/suenhcosmetics.fr\\\/#website\"},\"primaryImageOfPage\":{\"@id\":\"https:\\\/\\\/suenhcosmetics.fr\\\/index.php\\\/produit\\\/rituel-delice\\\/#primaryimage\"},\"image\":{\"@id\":\"https:\\\/\\\/suenhcosmetics.fr\\\/index.php\\\/produit\\\/rituel-delice\\\/#primaryimage\"},\"thumbnailUrl\":\"https:\\\/\\\/suenhcosmetics.fr\\\/wp-content\\\/uploads\\\/2025\\\/04\\\/39.png\",\"datePublished\":\"2025-04-30T12:57:33+00:00\",\"dateModified\":\"2026-04-21T17:37:08+00:00\",\"description\":\"Routine \u00e9clat & confort : savon au sureau + lotion \u00e0 la pomme sauvage. Cette routine est parfaite pour les peaux matures et ternes.\",\"breadcrumb\":{\"@id\":\"https:\\\/\\\/suenhcosmetics.fr\\\/index.php\\\/produit\\\/rituel-delice\\\/#breadcrumb\"},\"inLanguage\":\"fr-FR\",\"potentialAction\":[{\"@type\":\"ReadAction\",\"target\":[\"https:\\\/\\\/suenhcosmetics.fr\\\/index.php\\\/produit\\\/rituel-delice\\\/\"]}]},{\"@type\":\"ImageObject\",\"inLanguage\":\"fr-FR\",\"@id\":\"https:\\\/\\\/suenhcosmetics.fr\\\/index.php\\\/produit\\\/rituel-delice\\\/#primaryimage\",\"url\":\"https:\\\/\\\/suenhcosmetics.fr\\\/wp-content\\\/uploads\\\/2025\\\/04\\\/39.png\",\"contentUrl\":\"https:\\\/\\\/suenhcosmetics.fr\\\/wp-content\\\/uploads\\\/2025\\\/04\\\/39.png\",\"width\":800,\"height\":800},{\"@type\":\"BreadcrumbList\",\"@id\":\"https:\\\/\\\/suenhcosmetics.fr\\\/index.php\\\/produit\\\/rituel-delice\\\/#breadcrumb\",\"itemListElement\":[{\"@type\":\"ListItem\",\"position\":1,\"name\":\"Accueil\",\"item\":\"https:\\\/\\\/suenhcosmetics.fr\\\/\"},{\"@type\":\"ListItem\",\"position\":2,\"name\":\"Produits\",\"item\":\"https:\\\/\\\/suenhcosmetics.fr\\\/index.php\\\/shop\\\/\"},{\"@type\":\"ListItem\",\"position\":3,\"name\":\"Rituel D\u00e9lice\"}]},{\"@type\":\"WebSite\",\"@id\":\"https:\\\/\\\/suenhcosmetics.fr\\\/#website\",\"url\":\"https:\\\/\\\/suenhcosmetics.fr\\\/\",\"name\":\"\",\"description\":\"\",\"publisher\":{\"@id\":\"https:\\\/\\\/suenhcosmetics.fr\\\/#organization\"},\"potentialAction\":[{\"@type\":\"SearchAction\",\"target\":{\"@type\":\"EntryPoint\",\"urlTemplate\":\"https:\\\/\\\/suenhcosmetics.fr\\\/?s={search_term_string}\"},\"query-input\":{\"@type\":\"PropertyValueSpecification\",\"valueRequired\":true,\"valueName\":\"search_term_string\"}}],\"inLanguage\":\"fr-FR\"},{\"@type\":\"Organization\",\"@id\":\"https:\\\/\\\/suenhcosmetics.fr\\\/#organization\",\"name\":\"SUENH Cosmetics\",\"url\":\"https:\\\/\\\/suenhcosmetics.fr\\\/\",\"logo\":{\"@type\":\"ImageObject\",\"inLanguage\":\"fr-FR\",\"@id\":\"https:\\\/\\\/suenhcosmetics.fr\\\/#\\\/schema\\\/logo\\\/image\\\/\",\"url\":\"https:\\\/\\\/suenhcosmetics.fr\\\/wp-content\\\/uploads\\\/2025\\\/06\\\/cropped-Wispiration-4.png\",\"contentUrl\":\"https:\\\/\\\/suenhcosmetics.fr\\\/wp-content\\\/uploads\\\/2025\\\/06\\\/cropped-Wispiration-4.png\",\"width\":180,\"height\":60,\"caption\":\"SUENH Cosmetics\"},\"image\":{\"@id\":\"https:\\\/\\\/suenhcosmetics.fr\\\/#\\\/schema\\\/logo\\\/image\\\/\"}}]}<\/script>\n<!-- \/ Yoast SEO plugin. -->","yoast_head_json":{"title":"Rituel D\u00e9lice \u2013 peaux matures | Suenh Cosmetics","description":"Routine \u00e9clat & confort : savon au sureau + lotion \u00e0 la pomme sauvage. Cette routine est parfaite pour les peaux matures et ternes.","robots":{"index":"index","follow":"follow","max-snippet":"max-snippet:-1","max-image-preview":"max-image-preview:large","max-video-preview":"max-video-preview:-1"},"canonical":"https:\/\/suenhcosmetics.fr\/index.php\/produit\/rituel-delice\/","og_locale":"fr_FR","og_type":"article","og_title":"Rituel D\u00e9lice \u2013 peaux matures | Suenh Cosmetics","og_description":"Routine \u00e9clat & confort : savon au sureau + lotion \u00e0 la pomme sauvage. Cette routine est parfaite pour les peaux matures et ternes.","og_url":"https:\/\/suenhcosmetics.fr\/index.php\/produit\/rituel-delice\/","article_modified_time":"2026-04-21T17:37:08+00:00","og_image":[{"width":800,"height":800,"url":"https:\/\/suenhcosmetics.fr\/wp-content\/uploads\/2025\/04\/39.png","type":"image\/png"}],"twitter_card":"summary_large_image","twitter_misc":{"Dur\u00e9e de lecture estim\u00e9e":"1 minute"},"schema":{"@context":"https:\/\/schema.org","@graph":[{"@type":"WebPage","@id":"https:\/\/suenhcosmetics.fr\/index.php\/produit\/rituel-delice\/","url":"https:\/\/suenhcosmetics.fr\/index.php\/produit\/rituel-delice\/","name":"Rituel D\u00e9lice \u2013 peaux matures | Suenh Cosmetics","isPartOf":{"@id":"https:\/\/suenhcosmetics.fr\/#website"},"primaryImageOfPage":{"@id":"https:\/\/suenhcosmetics.fr\/index.php\/produit\/rituel-delice\/#primaryimage"},"image":{"@id":"https:\/\/suenhcosmetics.fr\/index.php\/produit\/rituel-delice\/#primaryimage"},"thumbnailUrl":"https:\/\/suenhcosmetics.fr\/wp-content\/uploads\/2025\/04\/39.png","datePublished":"2025-04-30T12:57:33+00:00","dateModified":"2026-04-21T17:37:08+00:00","description":"Routine \u00e9clat & confort : savon au sureau + lotion \u00e0 la pomme sauvage. Cette routine est parfaite pour les peaux matures et ternes.","breadcrumb":{"@id":"https:\/\/suenhcosmetics.fr\/index.php\/produit\/rituel-delice\/#breadcrumb"},"inLanguage":"fr-FR","potentialAction":[{"@type":"ReadAction","target":["https:\/\/suenhcosmetics.fr\/index.php\/produit\/rituel-delice\/"]}]},{"@type":"ImageObject","inLanguage":"fr-FR","@id":"https:\/\/suenhcosmetics.fr\/index.php\/produit\/rituel-delice\/#primaryimage","url":"https:\/\/suenhcosmetics.fr\/wp-content\/uploads\/2025\/04\/39.png","contentUrl":"https:\/\/suenhcosmetics.fr\/wp-content\/uploads\/2025\/04\/39.png","width":800,"height":800},{"@type":"BreadcrumbList","@id":"https:\/\/suenhcosmetics.fr\/index.php\/produit\/rituel-delice\/#breadcrumb","itemListElement":[{"@type":"ListItem","position":1,"name":"Accueil","item":"https:\/\/suenhcosmetics.fr\/"},{"@type":"ListItem","position":2,"name":"Produits","item":"https:\/\/suenhcosmetics.fr\/index.php\/shop\/"},{"@type":"ListItem","position":3,"name":"Rituel D\u00e9lice"}]},{"@type":"WebSite","@id":"https:\/\/suenhcosmetics.fr\/#website","url":"https:\/\/suenhcosmetics.fr\/","name":"","description":"","publisher":{"@id":"https:\/\/suenhcosmetics.fr\/#organization"},"potentialAction":[{"@type":"SearchAction","target":{"@type":"EntryPoint","urlTemplate":"https:\/\/suenhcosmetics.fr\/?s={search_term_string}"},"query-input":{"@type":"PropertyValueSpecification","valueRequired":true,"valueName":"search_term_string"}}],"inLanguage":"fr-FR"},{"@type":"Organization","@id":"https:\/\/suenhcosmetics.fr\/#organization","name":"SUENH Cosmetics","url":"https:\/\/suenhcosmetics.fr\/","logo":{"@type":"ImageObject","inLanguage":"fr-FR","@id":"https:\/\/suenhcosmetics.fr\/#\/schema\/logo\/image\/","url":"https:\/\/suenhcosmetics.fr\/wp-content\/uploads\/2025\/06\/cropped-Wispiration-4.png","contentUrl":"https:\/\/suenhcosmetics.fr\/wp-content\/uploads\/2025\/06\/cropped-Wispiration-4.png","width":180,"height":60,"caption":"SUENH Cosmetics"},"image":{"@id":"https:\/\/suenhcosmetics.fr\/#\/schema\/logo\/image\/"}}]}},"_links":{"self":[{"href":"https:\/\/suenhcosmetics.fr\/index.php\/wp-json\/wp\/v2\/product\/3180","targetHints":{"allow":["GET"]}}],"collection":[{"href":"https:\/\/suenhcosmetics.fr\/index.php\/wp-json\/wp\/v2\/product"}],"about":[{"href":"https:\/\/suenhcosmetics.fr\/index.php\/wp-json\/wp\/v2\/types\/product"}],"replies":[{"embeddable":true,"href":"https:\/\/suenhcosmetics.fr\/index.php\/wp-json\/wp\/v2\/comments?post=3180"}],"version-history":[{"count":6,"href":"https:\/\/suenhcosmetics.fr\/index.php\/wp-json\/wp\/v2\/product\/3180\/revisions"}],"predecessor-version":[{"id":4010,"href":"https:\/\/suenhcosmetics.fr\/index.php\/wp-json\/wp\/v2\/product\/3180\/revisions\/4010"}],"wp:featuredmedia":[{"embeddable":true,"href":"https:\/\/suenhcosmetics.fr\/index.php\/wp-json\/wp\/v2\/media\/3846"}],"wp:attachment":[{"href":"https:\/\/suenhcosmetics.fr\/index.php\/wp-json\/wp\/v2\/media?parent=3180"}],"wp:term":[{"taxonomy":"product_brand","embeddable":true,"href":"https:\/\/suenhcosmetics.fr\/index.php\/wp-json\/wp\/v2\/product_brand?post=3180"},{"taxonomy":"product_cat","embeddable":true,"href":"https:\/\/suenhcosmetics.fr\/index.php\/wp-json\/wp\/v2\/product_cat?post=3180"},{"taxonomy":"product_tag","embeddable":true,"href":"https:\/\/suenhcosmetics.fr\/index.php\/wp-json\/wp\/v2\/product_tag?post=3180"}],"curies":[{"name":"wp","href":"https:\/\/api.w.org\/{rel}","templated":true}]}}